{"id":4428,"date":"2020-02-11T10:58:12","date_gmt":"2020-02-11T09:58:12","guid":{"rendered":"https:\/\/www.woodtec.ch\/material-handling\/"},"modified":"2026-01-13T15:27:46","modified_gmt":"2026-01-13T14:27:46","slug":"manutention","status":"publish","type":"page","link":"https:\/\/www.woodtec.ch\/fr\/manutention\/","title":{"rendered":"Manutention"},"content":{"rendered":"\n<div class=\"wp-block-cover is-light\" style=\"min-height:550px;aspect-ratio:unset;\"><img loading=\"lazy\" decoding=\"async\" width=\"4000\" height=\"1531\" class=\"wp-block-cover__image-background wp-image-6287\" alt=\"\" src=\"https:\/\/www.woodtec.ch\/wp-content\/uploads\/2022\/04\/Fertigung-Holzrahmenbau-mit-Material-Handling-Loesungen.jpg\" data-object-fit=\"cover\" srcset=\"https:\/\/www.woodtec.ch\/wp-content\/uploads\/2022\/04\/Fertigung-Holzrahmenbau-mit-Material-Handling-Loesungen.jpg 4000w, https:\/\/www.woodtec.ch\/wp-content\/uploads\/2022\/04\/Fertigung-Holzrahmenbau-mit-Material-Handling-Loesungen-300x115.jpg 300w, https:\/\/www.woodtec.ch\/wp-content\/uploads\/2022\/04\/Fertigung-Holzrahmenbau-mit-Material-Handling-Loesungen-1024x392.jpg 1024w, https:\/\/www.woodtec.ch\/wp-content\/uploads\/2022\/04\/Fertigung-Holzrahmenbau-mit-Material-Handling-Loesungen-768x294.jpg 768w, https:\/\/www.woodtec.ch\/wp-content\/uploads\/2022\/04\/Fertigung-Holzrahmenbau-mit-Material-Handling-Loesungen-1536x588.jpg 1536w, https:\/\/www.woodtec.ch\/wp-content\/uploads\/2022\/04\/Fertigung-Holzrahmenbau-mit-Material-Handling-Loesungen-2048x784.jpg 2048w, https:\/\/www.woodtec.ch\/wp-content\/uploads\/2022\/04\/Fertigung-Holzrahmenbau-mit-Material-Handling-Loesungen-1530x585.jpg 1530w, https:\/\/www.woodtec.ch\/wp-content\/uploads\/2022\/04\/Fertigung-Holzrahmenbau-mit-Material-Handling-Loesungen-600x230.jpg 600w, https:\/\/www.woodtec.ch\/wp-content\/uploads\/2022\/04\/Fertigung-Holzrahmenbau-mit-Material-Handling-Loesungen-1536x588@2x.jpg 3072w, https:\/\/www.woodtec.ch\/wp-content\/uploads\/2022\/04\/Fertigung-Holzrahmenbau-mit-Material-Handling-Loesungen-1530x585@2x.jpg 3060w, https:\/\/www.woodtec.ch\/wp-content\/uploads\/2022\/04\/Fertigung-Holzrahmenbau-mit-Material-Handling-Loesungen-600x230@2x.jpg 1200w\" sizes=\"auto, (max-width: 4000px) 100vw, 4000px\" \/><span aria-hidden=\"true\" class=\"wp-block-cover__background has-background-dim-0 has-background-dim\"><\/span><div class=\"wp-block-cover__inner-container is-layout-flow wp-block-cover-is-layout-flow\">\n<p class=\"has-text-align-center has-large-font-size\"><\/p>\n<\/div><\/div>\n\n\n\n<section class=\"wp-block-woodtec-blocks-section-wrapper page-section page-section-with-title\" id=\"\"><div class=\"section-header\"><div class=\"section-header-wrap\"><div class=\"section-header-tab section-header-title\"><h1>Material Handling<\/h1><p>Plus efficace dans la pr\u00e9fabrication ossature bois<\/p><\/div><div class=\"section-header-tab section-header-documentation\"><a href=\"https:\/\/www.woodtec.ch\/wp-content\/uploads\/2023\/11\/Documentation-Manutention.pdf\" target=\"_blank\" rel=\"noopener noreferrer\" title=\"T\u00e9l\u00e9charger Documentation\">T\u00e9l\u00e9charger Documentation<\/a><\/div><\/div><\/div><div class=\"section-content\"><\/div><\/section>\n\n\n\n<section class=\"wp-block-woodtec-blocks-section-wrapper page-section\" id=\"cat4\"><div class=\"section-content\"><\/div><\/section>\n\n\n\n<div class=\"wp-block-woodtec-blocks-hotspot wp-block-woodtec-blocks-image-hotspots image-hotspots\" data-imagewidth=\"2560\" data-imageheight=\"1600\"><div class=\"image-hotspots-visual\" style=\"position:relative\"><img loading=\"lazy\" decoding=\"async\" src=\"https:\/\/www.woodtec.ch\/wp-content\/uploads\/2020\/09\/Home-Grafik-Material-Handling.png\" width=\"2560\" height=\"1600\"\/><\/div><div class=\"image-hotspots-pins\">\n<div data-x=\"24.609375\" data-y=\"23.1875\" data-cx=\"630\" data-cy=\"371\" class=\"wp-block-woodtec-blocks-hotspot\"><div class=\"hotspot-visual\"><img loading=\"lazy\" decoding=\"async\" src=\"https:\/\/www.woodtec.ch\/wp-content\/uploads\/2022\/04\/Wendevorrichtung-mit-Krantraverse-ersetzt-Schmetterlingstische.jpg\" alt=\"<a href=&quot;https:\/\/www.woodtec.ch\/materialhandling\/wende-und-transportmodul\/&quot;&gt;Wenden &amp; Transportieren<\/a&gt;\" width=\"600\" height=\"600\"\/><\/div><div class=\"hotspot-details\"><h4><a href=\"https:\/\/www.woodtec.ch\/fr\/manutention\/portiquedemanutentionpro\/\">Retourner &amp; Transporter<\/a><\/h4><p>Module suppl\u00e9mentaire pour retourner et transporter les ossatures<\/p><\/div><\/div>\n\n\n\n<div data-x=\"7.9296875\" data-y=\"9.6875\" data-cx=\"203\" data-cy=\"155\" class=\"wp-block-woodtec-blocks-hotspot\"><div class=\"hotspot-visual\"><img loading=\"lazy\" decoding=\"async\" src=\"https:\/\/www.woodtec.ch\/wp-content\/uploads\/2022\/04\/Handlingkran-mit-Vakuumheber-fuer-hochdynamisches-Plattenhandling.jpg\" alt=\"<a href=&quot;https:\/\/www.woodtec.ch\/materialhandling\/handlingkran-pro\/&quot;&gt;Handlingkran Pro<\/a&gt;\" width=\"1000\" height=\"1000\"\/><\/div><div class=\"hotspot-details\"><h4><a href=\"https:\/\/www.woodtec.ch\/fr\/manutention\/portiquedemanutentionpro\/\">Portique de manutention pro<\/a><\/h4><p>Ciseaux de levage &#038; Fonctions d&rsquo;assistence intelligentes<\/p><\/div><\/div>\n\n\n\n<div data-x=\"31.5625\" data-y=\"19.9375\" data-cx=\"808\" data-cy=\"319\" class=\"wp-block-woodtec-blocks-hotspot\"><div class=\"hotspot-visual\"><img loading=\"lazy\" decoding=\"async\" src=\"https:\/\/www.woodtec.ch\/wp-content\/uploads\/2021\/02\/Produktbild-Vakuumheber.jpg\" alt=\"<a href=&quot;https:\/\/www.woodtec.ch\/material-handling\/vakuumheber\/&quot;&gt;Vakuumheber<\/a&gt;\" width=\"600\" height=\"600\"\/><\/div><div class=\"hotspot-details\"><h4><a href=\"https:\/\/www.woodtec.ch\/fr\/manutention\/palonnieraventouses\/\">Palonnier \u00e0 ventouses<\/a><\/h4><p>Moyen de levage puissant pour panneaux perm\u00e9able \u00e0 l&rsquo;air tel l&rsquo;OSB<\/p><\/div><\/div>\n\n\n\n<div data-x=\"25.351562500000004\" data-y=\"2.3125\" data-cx=\"649\" data-cy=\"37\" class=\"wp-block-woodtec-blocks-hotspot\"><div class=\"hotspot-visual\"><img loading=\"lazy\" decoding=\"async\" src=\"https:\/\/www.woodtec.ch\/wp-content\/uploads\/2021\/02\/Produktbild-Handlingkran-Basic.jpg\" alt=\"<a href=&quot;https:\/\/www.woodtec.ch\/materialhandling\/handlingkran-basic\/&quot;&gt;Handlingkran Basic<\/a&gt;\" width=\"600\" height=\"600\"\/><\/div><div class=\"hotspot-details\"><h4><a href=\"https:\/\/www.woodtec.ch\/fr\/manutention\/portiquedemanutentionbasic\/\">Portique de manutention basic<\/a><\/h4><p>Moyen simple pour d\u00e9charger le pont roulant<\/p><\/div><\/div>\n<\/div><\/div>\n\n\n\n<div class=\"wp-block-getwid-advanced-spacer\" style=\"height:206px\" aria-hidden=\"true\"><\/div>\n\n\n\n<section class=\"wp-block-woodtec-blocks-section-wrapper alignwide page-section\" id=\"\"><div class=\"section-content\">\n<div class=\"wp-block-woodtec-blocks-circle-columns circle-columns\"><div class=\"circle-columns-heading\"><h2>                                     Ventouses &amp; Moyens de levage                                    <\/h2><p>                                    pour tous les besoin en manutention dans la pr\u00e9fabrication                                     <\/p><\/div><div class=\"circle-columns-wrap\">\n<div class=\"wp-block-woodtec-blocks-circle-column column-circle column-circle-without-arrow\"><div class=\"column-circle-visual\"><img decoding=\"async\" src=\"https:\/\/www.woodtec.ch\/wp-content\/uploads\/2020\/09\/Hallenkran-entlasten.jpg\" alt=\"Hallenkran entlasten\"\/><\/div><div class=\"column-circle-details\"><div class=\"column-circle-details-text\"><p>D\u00e9charger le pont roulant<\/p><\/div><div class=\"column-circle-details-list column-circle-details-list-without-bullets\"><ul><li>Pas de temps d&rsquo;attente ou de changement d&rsquo;outil<\/li><\/ul><\/div><\/div><\/div>\n\n\n\n<div class=\"wp-block-woodtec-blocks-circle-column column-circle column-circle-without-arrow\"><div class=\"column-circle-visual\"><img decoding=\"async\" src=\"https:\/\/www.woodtec.ch\/wp-content\/uploads\/2020\/09\/Arbeitskomfort.jpg\" alt=\"Arbeitskomfort\"\/><\/div><div class=\"column-circle-details\"><div class=\"column-circle-details-text\"><p>Comfort de travail<\/p><\/div><div class=\"column-circle-details-list column-circle-details-list-without-bullets\"><ul><li>Pour la sant\u00e9 et la productivit\u00e9 de vos employ\u00e9es<\/li><\/ul><\/div><\/div><\/div>\n\n\n\n<div class=\"wp-block-woodtec-blocks-circle-column column-circle column-circle-without-arrow\"><div class=\"column-circle-visual\"><img decoding=\"async\" src=\"https:\/\/www.woodtec.ch\/wp-content\/uploads\/2020\/09\/Ein-Mann-alleine.jpg\" alt=\"Ein Mann alleine\"\/><\/div><div class=\"column-circle-details\"><div class=\"column-circle-details-text\"><p>Un seul ouvrier<\/p><\/div><div class=\"column-circle-details-list column-circle-details-list-without-bullets\"><ul><li>Le processus de travail est rationalis\u00e9 de plus de 50%<\/li><\/ul><\/div><\/div><\/div>\n<\/div><\/div>\n\n\n\n<p><\/p>\n<\/div><\/section>\n\n\n\n<div class=\"wp-block-getwid-advanced-spacer\" style=\"height:285px\" aria-hidden=\"true\"><\/div>\n\n\n<section class=\"latest-news-theme wp-block-woodtec-blocks-latest-articles-by-category\">\n\t\t\t<header class=\"section-header\">\n\t\t\t<h3>Derni\u00e8res nouveaut\u00e9s<\/h3>\n\t\t\t<a href=\"https:\/\/www.woodtec.ch\/fr\/news\/\" title=\"Afficher tout\">Afficher tout<\/a>\t\t<\/header>\n\t\t<div class=\"section-entry-content\">\n\t\t<div class=\"latest-news-carousel has-3-articles\" rel=\"news-carousel\"\n\t\t\t data-slick='{\"slidesToShow\": 3}'>\n\t\t\t<article class=\"post-5612 post type-post status-publish format-standard has-post-thumbnail category-wende-und-transportmodul-fr category-portiquedemanutentionpro category-manutention category-tabledemontage category-ossaturebois tag-1-fr entry\" itemscope=\"\" itemtype=\"https:\/\/schema.org\/CreativeWork\"><div title=\"Pr\u00e9fabrication: Point sur la manutention\"><div class=\"entry-visual\"><a href=\"https:\/\/www.woodtec.ch\/fr\/point-sur-la-manutention\/\"><img loading=\"lazy\" decoding=\"async\" src=\"https:\/\/www.woodtec.ch\/wp-content\/uploads\/2021\/10\/Stuberholz-Vorfertigung-Holzrahmenbau-600x600.jpg\" alt=\"Pr\u00e9fabrication: Point sur la manutention\" width=\"600\" height=\"600\"\/><\/a><\/div><div class=\"entry-details\"><p class=\"entry-meta\"><time class=\"entry-time\" itemprop=\"datePublished\" datetime=\"2021-10-07T16:10:47+02:00\">7. octobre 2021<\/time><\/p><h4 class=\"entry-title\" itemprop=\"headline\">Pr\u00e9fabrication: Point sur la manutention<\/h4><p>Au lieu d&rsquo;une automatisation compl\u00e8te, le nouvel \u00e9quipement de l&rsquo;usine de Stu&#8230;<\/p><\/div><\/div><\/article><article class=\"post-4472 post type-post status-publish format-standard has-post-thumbnail category-ossaturebois category-portiquedemanutentionpro category-portiquedemanutentionbasic category-manutention category-tabledemontage tag-3-fr entry\" itemscope=\"\" itemtype=\"https:\/\/schema.org\/CreativeWork\"><div title=\"Pr\u00e9fabrication avec bras humains\"><div class=\"entry-visual\"><a href=\"https:\/\/www.woodtec.ch\/fr\/prefabrication-avec-bras-humains\/\"><img loading=\"lazy\" decoding=\"async\" src=\"https:\/\/www.woodtec.ch\/wp-content\/uploads\/2020\/06\/header_news_3-600x480.jpg\" alt=\"Pr\u00e9fabrication avec bras humains\" width=\"600\" height=\"480\"\/><\/a><\/div><div class=\"entry-details\"><p class=\"entry-meta\"><time class=\"entry-time\" itemprop=\"datePublished\" datetime=\"2019-04-24T10:42:00+02:00\">24. avril 2019<\/time><\/p><h4 class=\"entry-title\" itemprop=\"headline\">Pr\u00e9fabrication avec bras humains<\/h4><p>L&rsquo;industrie 4.0 n&rsquo;est pas n\u00e9cessairement synonyme d&rsquo;automatisation et l&rsquo;autom&#8230;<\/p><\/div><\/div><\/article><article class=\"post-4476 post type-post status-publish format-standard has-post-thumbnail category-portiquedemanutentionpro category-tableenkit category-portiquedemanutentionbasic category-manutention category-tabledemontage category-ossaturebois tag-4-fr entry\" itemscope=\"\" itemtype=\"https:\/\/schema.org\/CreativeWork\"><div title=\"Pr\u00e9fabrication modulaire\"><div class=\"entry-visual\"><a href=\"https:\/\/www.woodtec.ch\/fr\/prefabrication-modulaire\/\"><img loading=\"lazy\" decoding=\"async\" src=\"https:\/\/www.woodtec.ch\/wp-content\/uploads\/2020\/06\/header_news_4-600x480.jpg\" alt=\"Pr\u00e9fabrication modulaire\" width=\"600\" height=\"480\"\/><\/a><\/div><div class=\"entry-details\"><p class=\"entry-meta\"><time class=\"entry-time\" itemprop=\"datePublished\" datetime=\"2018-12-13T11:13:24+01:00\">13. d\u00e9cembre 2018<\/time><\/p><h4 class=\"entry-title\" itemprop=\"headline\">Pr\u00e9fabrication modulaire<\/h4><p>La tendance vers des solutions individuelles dans la construction bois se pou&#8230;<\/p><\/div><\/div><\/article>\t\t<\/div>\n\t<\/div>\n<\/section>\n","protected":false},"excerpt":{"rendered":"","protected":false},"author":3,"featured_media":0,"parent":0,"menu_order":0,"comment_status":"closed","ping_status":"closed","template":"","meta":{"inline_featured_image":false,"_genesis_hide_title":false,"_genesis_hide_breadcrumbs":false,"_genesis_hide_singular_image":false,"_genesis_custom_body_class":"","_genesis_custom_post_class":"","_genesis_layout":"","footnotes":""},"class_list":{"0":"post-4428","1":"page","2":"type-page","3":"status-publish","5":"entry","6":"has-post-thumbnail"},"yoast_head":"<!-- This site is optimized with the Yoast SEO plugin v25.9 - https:\/\/yoast.com\/wordpress\/plugins\/seo\/ -->\n<title>Manutention - woodtec Fankhauser GmbH<\/title>\n<meta name=\"robots\" content=\"index, follow, max-snippet:-1, max-image-preview:large, max-video-preview:-1\" \/>\n<link rel=\"canonical\" href=\"https:\/\/www.woodtec.ch\/fr\/manutention\/\" \/>\n<meta property=\"og:locale\" content=\"fr_FR\" \/>\n<meta property=\"og:type\" content=\"article\" \/>\n<meta property=\"og:title\" content=\"Manutention - woodtec Fankhauser GmbH\" \/>\n<meta property=\"og:url\" content=\"https:\/\/www.woodtec.ch\/fr\/manutention\/\" \/>\n<meta property=\"og:site_name\" content=\"woodtec Fankhauser GmbH\" \/>\n<meta property=\"article:modified_time\" content=\"2026-01-13T14:27:46+00:00\" \/>\n<meta property=\"og:image\" content=\"https:\/\/www.woodtec.ch\/wp-content\/uploads\/2022\/04\/Fertigung-Holzrahmenbau-mit-Material-Handling-Loesungen-1024x392.jpg\" \/>\n\t<meta property=\"og:image:width\" content=\"1024\" \/>\n\t<meta property=\"og:image:height\" content=\"392\" \/>\n\t<meta property=\"og:image:type\" content=\"image\/jpeg\" \/>\n<meta name=\"twitter:card\" content=\"summary_large_image\" \/>\n<meta name=\"twitter:label1\" content=\"Dur\u00e9e de lecture estim\u00e9e\" \/>\n\t<meta name=\"twitter:data1\" content=\"2 minutes\" \/>\n<script type=\"application\/ld+json\" class=\"yoast-schema-graph\">{\"@context\":\"https:\/\/schema.org\",\"@graph\":[{\"@type\":\"WebPage\",\"@id\":\"https:\/\/www.woodtec.ch\/fr\/manutention\/\",\"url\":\"https:\/\/www.woodtec.ch\/fr\/manutention\/\",\"name\":\"Manutention - woodtec Fankhauser GmbH\",\"isPartOf\":{\"@id\":\"https:\/\/www.woodtec.ch\/en\/#website\"},\"primaryImageOfPage\":{\"@id\":\"https:\/\/www.woodtec.ch\/fr\/manutention\/#primaryimage\"},\"image\":{\"@id\":\"https:\/\/www.woodtec.ch\/fr\/manutention\/#primaryimage\"},\"thumbnailUrl\":\"https:\/\/www.woodtec.ch\/wp-content\/uploads\/2022\/04\/Fertigung-Holzrahmenbau-mit-Material-Handling-Loesungen.jpg\",\"datePublished\":\"2020-02-11T09:58:12+00:00\",\"dateModified\":\"2026-01-13T14:27:46+00:00\",\"breadcrumb\":{\"@id\":\"https:\/\/www.woodtec.ch\/fr\/manutention\/#breadcrumb\"},\"inLanguage\":\"fr-FR\",\"potentialAction\":[{\"@type\":\"ReadAction\",\"target\":[\"https:\/\/www.woodtec.ch\/fr\/manutention\/\"]}]},{\"@type\":\"ImageObject\",\"inLanguage\":\"fr-FR\",\"@id\":\"https:\/\/www.woodtec.ch\/fr\/manutention\/#primaryimage\",\"url\":\"https:\/\/www.woodtec.ch\/wp-content\/uploads\/2022\/04\/Fertigung-Holzrahmenbau-mit-Material-Handling-Loesungen.jpg\",\"contentUrl\":\"https:\/\/www.woodtec.ch\/wp-content\/uploads\/2022\/04\/Fertigung-Holzrahmenbau-mit-Material-Handling-Loesungen.jpg\"},{\"@type\":\"BreadcrumbList\",\"@id\":\"https:\/\/www.woodtec.ch\/fr\/manutention\/#breadcrumb\",\"itemListElement\":[{\"@type\":\"ListItem\",\"position\":1,\"name\":\"Home\",\"item\":\"https:\/\/www.woodtec.ch\/fr\/\"},{\"@type\":\"ListItem\",\"position\":2,\"name\":\"Manutention\"}]},{\"@type\":\"WebSite\",\"@id\":\"https:\/\/www.woodtec.ch\/en\/#website\",\"url\":\"https:\/\/www.woodtec.ch\/en\/\",\"name\":\"woodtec Fankhauser GmbH\",\"description\":\"Maschinentechnik f\u00fcr den Holzbau\",\"publisher\":{\"@id\":\"https:\/\/www.woodtec.ch\/en\/#organization\"},\"potentialAction\":[{\"@type\":\"SearchAction\",\"target\":{\"@type\":\"EntryPoint\",\"urlTemplate\":\"https:\/\/www.woodtec.ch\/en\/?s={search_term_string}\"},\"query-input\":{\"@type\":\"PropertyValueSpecification\",\"valueRequired\":true,\"valueName\":\"search_term_string\"}}],\"inLanguage\":\"fr-FR\"},{\"@type\":\"Organization\",\"@id\":\"https:\/\/www.woodtec.ch\/en\/#organization\",\"name\":\"woodtec Fankhauser GmbH\",\"url\":\"https:\/\/www.woodtec.ch\/en\/\",\"logo\":{\"@type\":\"ImageObject\",\"inLanguage\":\"fr-FR\",\"@id\":\"https:\/\/www.woodtec.ch\/en\/#\/schema\/logo\/image\/\",\"url\":\"https:\/\/www.woodtec.ch\/wp-content\/uploads\/2020\/07\/logo-woodtec.svg\",\"contentUrl\":\"https:\/\/www.woodtec.ch\/wp-content\/uploads\/2020\/07\/logo-woodtec.svg\",\"caption\":\"woodtec Fankhauser GmbH\"},\"image\":{\"@id\":\"https:\/\/www.woodtec.ch\/en\/#\/schema\/logo\/image\/\"}}]}<\/script>\n<!-- \/ Yoast SEO plugin. -->","yoast_head_json":{"title":"Manutention - woodtec Fankhauser GmbH","robots":{"index":"index","follow":"follow","max-snippet":"max-snippet:-1","max-image-preview":"max-image-preview:large","max-video-preview":"max-video-preview:-1"},"canonical":"https:\/\/www.woodtec.ch\/fr\/manutention\/","og_locale":"fr_FR","og_type":"article","og_title":"Manutention - woodtec Fankhauser GmbH","og_url":"https:\/\/www.woodtec.ch\/fr\/manutention\/","og_site_name":"woodtec Fankhauser GmbH","article_modified_time":"2026-01-13T14:27:46+00:00","og_image":[{"width":1024,"height":392,"url":"https:\/\/www.woodtec.ch\/wp-content\/uploads\/2022\/04\/Fertigung-Holzrahmenbau-mit-Material-Handling-Loesungen-1024x392.jpg","type":"image\/jpeg"}],"twitter_card":"summary_large_image","twitter_misc":{"Dur\u00e9e de lecture estim\u00e9e":"2 minutes"},"schema":{"@context":"https:\/\/schema.org","@graph":[{"@type":"WebPage","@id":"https:\/\/www.woodtec.ch\/fr\/manutention\/","url":"https:\/\/www.woodtec.ch\/fr\/manutention\/","name":"Manutention - woodtec Fankhauser GmbH","isPartOf":{"@id":"https:\/\/www.woodtec.ch\/en\/#website"},"primaryImageOfPage":{"@id":"https:\/\/www.woodtec.ch\/fr\/manutention\/#primaryimage"},"image":{"@id":"https:\/\/www.woodtec.ch\/fr\/manutention\/#primaryimage"},"thumbnailUrl":"https:\/\/www.woodtec.ch\/wp-content\/uploads\/2022\/04\/Fertigung-Holzrahmenbau-mit-Material-Handling-Loesungen.jpg","datePublished":"2020-02-11T09:58:12+00:00","dateModified":"2026-01-13T14:27:46+00:00","breadcrumb":{"@id":"https:\/\/www.woodtec.ch\/fr\/manutention\/#breadcrumb"},"inLanguage":"fr-FR","potentialAction":[{"@type":"ReadAction","target":["https:\/\/www.woodtec.ch\/fr\/manutention\/"]}]},{"@type":"ImageObject","inLanguage":"fr-FR","@id":"https:\/\/www.woodtec.ch\/fr\/manutention\/#primaryimage","url":"https:\/\/www.woodtec.ch\/wp-content\/uploads\/2022\/04\/Fertigung-Holzrahmenbau-mit-Material-Handling-Loesungen.jpg","contentUrl":"https:\/\/www.woodtec.ch\/wp-content\/uploads\/2022\/04\/Fertigung-Holzrahmenbau-mit-Material-Handling-Loesungen.jpg"},{"@type":"BreadcrumbList","@id":"https:\/\/www.woodtec.ch\/fr\/manutention\/#breadcrumb","itemListElement":[{"@type":"ListItem","position":1,"name":"Home","item":"https:\/\/www.woodtec.ch\/fr\/"},{"@type":"ListItem","position":2,"name":"Manutention"}]},{"@type":"WebSite","@id":"https:\/\/www.woodtec.ch\/en\/#website","url":"https:\/\/www.woodtec.ch\/en\/","name":"woodtec Fankhauser GmbH","description":"Maschinentechnik f\u00fcr den Holzbau","publisher":{"@id":"https:\/\/www.woodtec.ch\/en\/#organization"},"potentialAction":[{"@type":"SearchAction","target":{"@type":"EntryPoint","urlTemplate":"https:\/\/www.woodtec.ch\/en\/?s={search_term_string}"},"query-input":{"@type":"PropertyValueSpecification","valueRequired":true,"valueName":"search_term_string"}}],"inLanguage":"fr-FR"},{"@type":"Organization","@id":"https:\/\/www.woodtec.ch\/en\/#organization","name":"woodtec Fankhauser GmbH","url":"https:\/\/www.woodtec.ch\/en\/","logo":{"@type":"ImageObject","inLanguage":"fr-FR","@id":"https:\/\/www.woodtec.ch\/en\/#\/schema\/logo\/image\/","url":"https:\/\/www.woodtec.ch\/wp-content\/uploads\/2020\/07\/logo-woodtec.svg","contentUrl":"https:\/\/www.woodtec.ch\/wp-content\/uploads\/2020\/07\/logo-woodtec.svg","caption":"woodtec Fankhauser GmbH"},"image":{"@id":"https:\/\/www.woodtec.ch\/en\/#\/schema\/logo\/image\/"}}]}},"_links":{"self":[{"href":"https:\/\/www.woodtec.ch\/fr\/wp-json\/wp\/v2\/pages\/4428","targetHints":{"allow":["GET"]}}],"collection":[{"href":"https:\/\/www.woodtec.ch\/fr\/wp-json\/wp\/v2\/pages"}],"about":[{"href":"https:\/\/www.woodtec.ch\/fr\/wp-json\/wp\/v2\/types\/page"}],"author":[{"embeddable":true,"href":"https:\/\/www.woodtec.ch\/fr\/wp-json\/wp\/v2\/users\/3"}],"replies":[{"embeddable":true,"href":"https:\/\/www.woodtec.ch\/fr\/wp-json\/wp\/v2\/comments?post=4428"}],"version-history":[{"count":8,"href":"https:\/\/www.woodtec.ch\/fr\/wp-json\/wp\/v2\/pages\/4428\/revisions"}],"predecessor-version":[{"id":8297,"href":"https:\/\/www.woodtec.ch\/fr\/wp-json\/wp\/v2\/pages\/4428\/revisions\/8297"}],"wp:attachment":[{"href":"https:\/\/www.woodtec.ch\/fr\/wp-json\/wp\/v2\/media?parent=4428"}],"curies":[{"name":"wp","href":"https:\/\/api.w.org\/{rel}","templated":true}]}}