{"id":4416,"date":"2020-02-11T10:56:33","date_gmt":"2020-02-11T09:56:33","guid":{"rendered":"https:\/\/www.woodtec.ch\/holzrahmenbau\/"},"modified":"2024-10-08T11:30:24","modified_gmt":"2024-10-08T09:30:24","slug":"ossaturebois","status":"publish","type":"page","link":"https:\/\/www.woodtec.ch\/fr\/","title":{"rendered":"Ossature Bois"},"content":{"rendered":"\n<div class=\"wp-block-cover is-light\" style=\"min-height:550px;aspect-ratio:unset;\"><span aria-hidden=\"true\" class=\"has-background-dim-0 wp-block-cover__gradient-background has-background-dim\"><\/span><img loading=\"lazy\" decoding=\"async\" width=\"4000\" height=\"1531\" class=\"wp-block-cover__image-background wp-image-6282\" alt=\"\" src=\"https:\/\/www.woodtec.ch\/wp-content\/uploads\/2022\/04\/Holzrahmenbau-Vorfertiung-mit-woodtec-Maschinentechnik.jpg\" data-object-fit=\"cover\" srcset=\"https:\/\/www.woodtec.ch\/wp-content\/uploads\/2022\/04\/Holzrahmenbau-Vorfertiung-mit-woodtec-Maschinentechnik.jpg 4000w, https:\/\/www.woodtec.ch\/wp-content\/uploads\/2022\/04\/Holzrahmenbau-Vorfertiung-mit-woodtec-Maschinentechnik-300x115.jpg 300w, https:\/\/www.woodtec.ch\/wp-content\/uploads\/2022\/04\/Holzrahmenbau-Vorfertiung-mit-woodtec-Maschinentechnik-1024x392.jpg 1024w, https:\/\/www.woodtec.ch\/wp-content\/uploads\/2022\/04\/Holzrahmenbau-Vorfertiung-mit-woodtec-Maschinentechnik-768x294.jpg 768w, https:\/\/www.woodtec.ch\/wp-content\/uploads\/2022\/04\/Holzrahmenbau-Vorfertiung-mit-woodtec-Maschinentechnik-1536x588.jpg 1536w, https:\/\/www.woodtec.ch\/wp-content\/uploads\/2022\/04\/Holzrahmenbau-Vorfertiung-mit-woodtec-Maschinentechnik-2048x784.jpg 2048w, https:\/\/www.woodtec.ch\/wp-content\/uploads\/2022\/04\/Holzrahmenbau-Vorfertiung-mit-woodtec-Maschinentechnik-1530x585.jpg 1530w, https:\/\/www.woodtec.ch\/wp-content\/uploads\/2022\/04\/Holzrahmenbau-Vorfertiung-mit-woodtec-Maschinentechnik-600x230.jpg 600w, https:\/\/www.woodtec.ch\/wp-content\/uploads\/2022\/04\/Holzrahmenbau-Vorfertiung-mit-woodtec-Maschinentechnik-1536x588@2x.jpg 3072w, https:\/\/www.woodtec.ch\/wp-content\/uploads\/2022\/04\/Holzrahmenbau-Vorfertiung-mit-woodtec-Maschinentechnik-1530x585@2x.jpg 3060w, https:\/\/www.woodtec.ch\/wp-content\/uploads\/2022\/04\/Holzrahmenbau-Vorfertiung-mit-woodtec-Maschinentechnik-600x230@2x.jpg 1200w\" sizes=\"auto, (max-width: 4000px) 100vw, 4000px\" \/><div class=\"wp-block-cover__inner-container is-layout-flow wp-block-cover-is-layout-flow\">\n\n<p class=\"has-text-align-center has-large-font-size\"><\/p>\n\n<\/div><\/div>\n\n\n\n<section class=\"wp-block-woodtec-blocks-section-wrapper page-section page-section-with-title\" id=\"\"><div class=\"section-header\"><div class=\"section-header-wrap\"><div class=\"section-header-tab section-header-title\"><h1>Ossature Bois<\/h1><p>Machines et \u00e9quipement pour la pr\u00e9fabrication<\/p><\/div><\/div><\/div><div class=\"section-content\">\n<p><\/p>\n<\/div><\/section>\n\n\n\n<div class=\"wp-block-group\"><div class=\"wp-block-group__inner-container is-layout-flow wp-block-group-is-layout-flow\"><\/div><\/div>\n\n\n\n<p><\/p>\n\n\n\n<div class=\"wp-block-getwid-advanced-spacer\" style=\"height:100px\" aria-hidden=\"true\"><\/div>\n\n\n\n<section class=\"wp-block-woodtec-blocks-section-wrapper page-section\" id=\"cat1\"><div class=\"section-content\">\n<div class=\"wp-block-woodtec-blocks-hotspot wp-block-woodtec-blocks-image-hotspots image-hotspots\" data-imagewidth=\"2560\" data-imageheight=\"1600\"><div class=\"image-hotspots-visual\" style=\"position:relative\"><img loading=\"lazy\" decoding=\"async\" src=\"https:\/\/www.woodtec.ch\/wp-content\/uploads\/2020\/09\/Home-Grafik-Holzrahmenbau.png\" width=\"2560\" height=\"1600\"\/><\/div><div class=\"image-hotspots-pins\">\n<div data-x=\"35.3515625\" data-y=\"20.5\" data-cx=\"905\" data-cy=\"328\" class=\"wp-block-woodtec-blocks-hotspot\"><div class=\"hotspot-visual\"><img loading=\"lazy\" decoding=\"async\" src=\"https:\/\/www.woodtec.ch\/wp-content\/uploads\/2021\/02\/Produktbild-Handlingkran-Pro.jpg\" alt=\"Materialhandhabung\" width=\"600\" height=\"600\"\/><\/div><div class=\"hotspot-details\"><h4><a href=\"https:\/\/www.woodtec.ch\/fr\/manutention\">Manutention<\/a><\/h4><p>Une toute nouvelle gamme de produits pour plus d&rsquo;efficacit\u00e9 dans la pr\u00e9fabrication<\/p><\/div><\/div>\n\n\n\n<div data-x=\"28.867187500000004\" data-y=\"26\" data-cx=\"739\" data-cy=\"416\" class=\"wp-block-woodtec-blocks-hotspot\"><div class=\"hotspot-visual\"><img loading=\"lazy\" decoding=\"async\" src=\"https:\/\/www.woodtec.ch\/wp-content\/uploads\/2021\/02\/Produktbild-Dachvorrichtung.jpg\" alt=\"Dach- und Bodensystem\" width=\"600\" height=\"600\"\/><\/div><div class=\"hotspot-details\"><h4><a href=\"https:\/\/www.woodtec.ch\/fr\/ossaturebois\/toitetdalles\">Syst\u00e8me toit et dalles<\/a><\/h4><p>Le module suppl\u00e9mentaire pour la production de toits et dalles<\/p><\/div><\/div>\n\n\n\n<div data-x=\"5.3515625\" data-y=\"16.875\" data-cx=\"137\" data-cy=\"270\" class=\"wp-block-woodtec-blocks-hotspot\"><div class=\"hotspot-visual\"><img loading=\"lazy\" decoding=\"async\" src=\"https:\/\/www.woodtec.ch\/wp-content\/uploads\/2021\/02\/Produktbild-Elementbautisch.jpg\" alt=\"Montagetisch\" width=\"600\" height=\"600\"\/><\/div><div class=\"hotspot-details\"><h4><a href=\"https:\/\/www.woodtec.ch\/fr\/ossaturebois\/tabledemontage\">Table de montage<\/a><\/h4><p>La table d&rsquo;assemblage modulaire pour l&rsquo;ossature bois<\/p><\/div><\/div>\n\n\n\n<div data-x=\"21.9921875\" data-y=\"28.125\" data-cx=\"563\" data-cy=\"450\" class=\"wp-block-woodtec-blocks-hotspot\"><div class=\"hotspot-visual\"><img loading=\"lazy\" decoding=\"async\" src=\"https:\/\/www.woodtec.ch\/wp-content\/uploads\/2021\/02\/Produktbild-Plattenfraeser.jpg\" alt=\"Panel-Router\" width=\"600\" height=\"600\"\/><\/div><div class=\"hotspot-details\"><h4><a href=\"https:\/\/www.woodtec.ch\/fr\/ossaturebois\/defonceuseapanneaux\">D\u00e9fonceuse \u00e0 panneaux<\/a><\/h4><p>Formatter le parement \u00e0 fleur sans poussi\u00e8re<\/p><\/div><\/div>\n<\/div><\/div>\n<\/div><\/section>\n\n\n\n<section class=\"wp-block-woodtec-blocks-section-wrapper page-section\" id=\"BSP_selber_herstellen\"><div class=\"section-content\">\n<div class=\"wp-block-woodtec-blocks-circle-columns circle-columns circle-columns-4-cols\"><div class=\"circle-columns-heading\"><h2>                                                                              <\/h2><p>                                                                              <\/p><\/div><div class=\"circle-columns-wrap\">\n<div class=\"column-circle\"><div class=\"column-circle-visual\"><img decoding=\"async\" src=\"https:\/\/www.woodtec.ch\/wp-content\/uploads\/2020\/09\/materialhandling.png\" alt=\"materialhandling\"\/><\/div><div class=\"column-circle-details\"><div class=\"column-circle-details-text\"><p>Taille d&rsquo;\u00e9quipe 1<\/p><\/div><div class=\"column-circle-details-list column-circle-details-list-without-bullets\"><ul><li>Un ouvrier travaille 20% plus vite seul qu&rsquo;en \u00e9quipe. Mais il a besoin d&rsquo;outils pour pouvoir effectuer lui-m\u00eame toutes les \u00e9tapes de travail.<\/li><\/ul><\/div><\/div><\/div>\n\n\n\n<div class=\"column-circle\"><div class=\"column-circle-visual\"><img decoding=\"async\" src=\"https:\/\/www.woodtec.ch\/wp-content\/uploads\/2020\/09\/Individuelle-Arbeitsstationen.jpg\" alt=\"Individuelle Arbeitsstationen\"\/><\/div><div class=\"column-circle-details\"><div class=\"column-circle-details-text\"><p>Postes de travails individuelles<\/p><\/div><div class=\"column-circle-details-list column-circle-details-list-without-bullets\"><ul><li>Une longue table de montage est divis\u00e9e en diff\u00e9rents postes de travail. Tel que requis par le projet. Toute la ligne de production est enti\u00e8rement optimis\u00e9e.<\/li><\/ul><\/div><\/div><\/div>\n\n\n\n<div class=\"column-circle\"><div class=\"column-circle-visual\"><img decoding=\"async\" src=\"https:\/\/www.woodtec.ch\/wp-content\/uploads\/2020\/09\/optimierte-arbeitschritte.jpg\" alt=\"optimierte-arbeitschritte\"\/><\/div><div class=\"column-circle-details\"><div class=\"column-circle-details-text\"><p>Etapes de travail optimis\u00e9es<\/p><\/div><div class=\"column-circle-details-list column-circle-details-list-without-bullets\"><ul><li>Chaque \u00e9tape de travail peut \u00eatre optimis\u00e9e avec les accessoires appropri\u00e9s.<\/li><\/ul><\/div><\/div><\/div>\n\n\n\n<div class=\"column-circle\"><div class=\"column-circle-visual\"><img decoding=\"async\" src=\"https:\/\/www.woodtec.ch\/wp-content\/uploads\/2020\/09\/mensch-maschine-interaktion.jpg\" alt=\"mensch-maschine-interaktion\"\/><\/div><div class=\"column-circle-details\"><div class=\"column-circle-details-text\"><p>Collaboration homme-machine<\/p><\/div><div class=\"column-circle-details-list column-circle-details-list-without-bullets\"><ul><li>L&rsquo;artisan doit pouvoir maximiser sa productivit\u00e9 gr\u00e2ce \u00e0 des machines, des syst\u00e8mes et des appareils adapt\u00e9s au lieu d&rsquo;\u00eatre remplac\u00e9 par eux.<\/li><\/ul><\/div><\/div><\/div>\n<\/div><\/div>\n<\/div><\/section>\n\n\n\n<div class=\"wp-block-getwid-advanced-spacer\" style=\"height:100px\" aria-hidden=\"true\"><\/div>\n\n\n<section class=\"latest-news-theme wp-block-woodtec-blocks-latest-articles-by-category\">\n\t\t\t<header class=\"section-header\">\n\t\t\t<h3>Derni\u00e8res nouveaut\u00e9s<\/h3>\n\t\t\t<a href=\"https:\/\/www.woodtec.ch\/fr\/news\/\" title=\"Afficher tout\">Afficher tout<\/a>\t\t<\/header>\n\t\t<div class=\"section-entry-content\">\n\t\t<div class=\"latest-news-carousel has-3-articles\" rel=\"news-carousel\"\n\t\t\t data-slick='{\"slidesToShow\": 3}'>\n\t\t\t<article class=\"post-5612 post type-post status-publish format-standard has-post-thumbnail category-wende-und-transportmodul-fr category-portiquedemanutentionpro category-manutention category-tabledemontage category-ossaturebois tag-1-fr entry\" itemscope=\"\" itemtype=\"https:\/\/schema.org\/CreativeWork\"><div title=\"Pr\u00e9fabrication: Point sur la manutention\"><div class=\"entry-visual\"><a href=\"https:\/\/www.woodtec.ch\/fr\/point-sur-la-manutention\/\"><img loading=\"lazy\" decoding=\"async\" src=\"https:\/\/www.woodtec.ch\/wp-content\/uploads\/2021\/10\/Stuberholz-Vorfertigung-Holzrahmenbau-600x600.jpg\" alt=\"Pr\u00e9fabrication: Point sur la manutention\" width=\"600\" height=\"600\"\/><\/a><\/div><div class=\"entry-details\"><p class=\"entry-meta\"><time class=\"entry-time\" itemprop=\"datePublished\" datetime=\"2021-10-07T16:10:47+02:00\">7. octobre 2021<\/time><\/p><h4 class=\"entry-title\" itemprop=\"headline\">Pr\u00e9fabrication: Point sur la manutention<\/h4><p>Au lieu d&rsquo;une automatisation compl\u00e8te, le nouvel \u00e9quipement de l&rsquo;usine de Stu&#8230;<\/p><\/div><\/div><\/article><article class=\"post-5587 post type-post status-publish format-standard has-post-thumbnail category-lamelle-croise-clt category-presseavide category-portiquedinsertion category-portiquedapplication tag-10-fr entry\" itemscope=\"\" itemtype=\"https:\/\/schema.org\/CreativeWork\"><div title=\"Faire votre propre CLT &#8211; \u00e7a en vaut la peine?\"><div class=\"entry-visual\"><a href=\"https:\/\/www.woodtec.ch\/fr\/faire-son-propre-clt\/\"><img loading=\"lazy\" decoding=\"async\" src=\"https:\/\/www.woodtec.ch\/wp-content\/uploads\/2021\/10\/Brettsperrholz-BSP-selber-herstellen-600x480.jpg\" alt=\"Faire votre propre CLT &#8211; \u00e7a en vaut la peine?\" width=\"600\" height=\"480\"\/><\/a><\/div><div class=\"entry-details\"><p class=\"entry-meta\"><time class=\"entry-time\" itemprop=\"datePublished\" datetime=\"2021-10-07T10:01:07+02:00\">7. octobre 2021<\/time><\/p><h4 class=\"entry-title\" itemprop=\"headline\">Faire votre propre CLT &#8211; \u00e7a en vaut la peine?<\/h4><p>Le journal de r\u00e9nomm\u00e9e mikado en interview avec Benjamin Fankhauser<\/p><\/div><\/div><\/article><article class=\"post-5620 post type-post status-publish format-standard has-post-thumbnail category-toitetdalles category-tabledemontage category-ossaturebois tag-1-fr entry\" itemscope=\"\" itemtype=\"https:\/\/schema.org\/CreativeWork\"><div title=\"Pr\u00e9fabriquer, une valeur ajout\u00e9e\"><div class=\"entry-visual\"><a href=\"https:\/\/www.woodtec.ch\/fr\/prefabriquer-valeur-ajoutee\/\"><img loading=\"lazy\" decoding=\"async\" src=\"https:\/\/www.woodtec.ch\/wp-content\/uploads\/2020\/12\/Lengauer-Stockner-11-2-600x600.jpg\" alt=\"Pr\u00e9fabriquer, une valeur ajout\u00e9e\" width=\"600\" height=\"600\"\/><\/a><\/div><div class=\"entry-details\"><p class=\"entry-meta\"><time class=\"entry-time\" itemprop=\"datePublished\" datetime=\"2021-02-18T15:58:41+01:00\">18. f\u00e9vrier 2021<\/time><\/p><h4 class=\"entry-title\" itemprop=\"headline\">Pr\u00e9fabriquer, une valeur ajout\u00e9e<\/h4><p>Avec le bon equipement la pr\u00e9fabrication ossature bois a des avantages financ&#8230;<\/p><\/div><\/div><\/article>\t\t<\/div>\n\t<\/div>\n<\/section>\n","protected":false},"excerpt":{"rendered":"","protected":false},"author":3,"featured_media":0,"parent":0,"menu_order":0,"comment_status":"closed","ping_status":"closed","template":"","meta":{"inline_featured_image":false,"_genesis_hide_title":false,"_genesis_hide_breadcrumbs":false,"_genesis_hide_singular_image":false,"_genesis_custom_body_class":"","_genesis_custom_post_class":"","_genesis_layout":"","footnotes":""},"class_list":{"0":"post-4416","1":"page","2":"type-page","3":"status-publish","5":"entry","6":"has-post-thumbnail"},"yoast_head":"<!-- This site is optimized with the Yoast SEO plugin v25.9 - https:\/\/yoast.com\/wordpress\/plugins\/seo\/ -->\n<title>Ossature Bois - woodtec Fankhauser GmbH<\/title>\n<meta name=\"robots\" content=\"index, follow, max-snippet:-1, max-image-preview:large, max-video-preview:-1\" \/>\n<link rel=\"canonical\" href=\"https:\/\/www.woodtec.ch\/fr\/\" \/>\n<meta property=\"og:locale\" content=\"fr_FR\" \/>\n<meta property=\"og:type\" content=\"article\" \/>\n<meta property=\"og:title\" content=\"Ossature Bois - woodtec Fankhauser GmbH\" \/>\n<meta property=\"og:url\" content=\"https:\/\/www.woodtec.ch\/fr\/\" \/>\n<meta property=\"og:site_name\" content=\"woodtec Fankhauser GmbH\" \/>\n<meta property=\"article:modified_time\" content=\"2024-10-08T09:30:24+00:00\" \/>\n<meta property=\"og:image\" content=\"https:\/\/www.woodtec.ch\/wp-content\/uploads\/2022\/04\/Holzrahmenbau-Vorfertiung-mit-woodtec-Maschinentechnik.jpg\" \/>\n<meta name=\"twitter:card\" content=\"summary_large_image\" \/>\n<meta name=\"twitter:label1\" content=\"Dur\u00e9e de lecture estim\u00e9e\" \/>\n\t<meta name=\"twitter:data1\" content=\"2 minutes\" \/>\n<script type=\"application\/ld+json\" class=\"yoast-schema-graph\">{\"@context\":\"https:\/\/schema.org\",\"@graph\":[{\"@type\":\"WebPage\",\"@id\":\"https:\/\/www.woodtec.ch\/fr\/\",\"url\":\"https:\/\/www.woodtec.ch\/fr\/\",\"name\":\"Ossature Bois - woodtec Fankhauser GmbH\",\"isPartOf\":{\"@id\":\"https:\/\/www.woodtec.ch\/en\/#website\"},\"primaryImageOfPage\":{\"@id\":\"https:\/\/www.woodtec.ch\/fr\/#primaryimage\"},\"image\":{\"@id\":\"https:\/\/www.woodtec.ch\/fr\/#primaryimage\"},\"thumbnailUrl\":\"https:\/\/www.woodtec.ch\/wp-content\/uploads\/2022\/04\/Holzrahmenbau-Vorfertiung-mit-woodtec-Maschinentechnik.jpg\",\"datePublished\":\"2020-02-11T09:56:33+00:00\",\"dateModified\":\"2024-10-08T09:30:24+00:00\",\"breadcrumb\":{\"@id\":\"https:\/\/www.woodtec.ch\/fr\/#breadcrumb\"},\"inLanguage\":\"fr-FR\",\"potentialAction\":[{\"@type\":\"ReadAction\",\"target\":[\"https:\/\/www.woodtec.ch\/fr\/\"]}]},{\"@type\":\"ImageObject\",\"inLanguage\":\"fr-FR\",\"@id\":\"https:\/\/www.woodtec.ch\/fr\/#primaryimage\",\"url\":\"https:\/\/www.woodtec.ch\/wp-content\/uploads\/2022\/04\/Holzrahmenbau-Vorfertiung-mit-woodtec-Maschinentechnik.jpg\",\"contentUrl\":\"https:\/\/www.woodtec.ch\/wp-content\/uploads\/2022\/04\/Holzrahmenbau-Vorfertiung-mit-woodtec-Maschinentechnik.jpg\"},{\"@type\":\"BreadcrumbList\",\"@id\":\"https:\/\/www.woodtec.ch\/fr\/#breadcrumb\",\"itemListElement\":[{\"@type\":\"ListItem\",\"position\":1,\"name\":\"Home\",\"item\":\"https:\/\/www.woodtec.ch\/fr\/\"},{\"@type\":\"ListItem\",\"position\":2,\"name\":\"Ossature Bois\"}]},{\"@type\":\"WebSite\",\"@id\":\"https:\/\/www.woodtec.ch\/en\/#website\",\"url\":\"https:\/\/www.woodtec.ch\/en\/\",\"name\":\"woodtec Fankhauser GmbH\",\"description\":\"Maschinentechnik f\u00fcr den Holzbau\",\"publisher\":{\"@id\":\"https:\/\/www.woodtec.ch\/en\/#organization\"},\"potentialAction\":[{\"@type\":\"SearchAction\",\"target\":{\"@type\":\"EntryPoint\",\"urlTemplate\":\"https:\/\/www.woodtec.ch\/en\/?s={search_term_string}\"},\"query-input\":{\"@type\":\"PropertyValueSpecification\",\"valueRequired\":true,\"valueName\":\"search_term_string\"}}],\"inLanguage\":\"fr-FR\"},{\"@type\":\"Organization\",\"@id\":\"https:\/\/www.woodtec.ch\/en\/#organization\",\"name\":\"woodtec Fankhauser GmbH\",\"url\":\"https:\/\/www.woodtec.ch\/en\/\",\"logo\":{\"@type\":\"ImageObject\",\"inLanguage\":\"fr-FR\",\"@id\":\"https:\/\/www.woodtec.ch\/en\/#\/schema\/logo\/image\/\",\"url\":\"https:\/\/www.woodtec.ch\/wp-content\/uploads\/2020\/07\/logo-woodtec.svg\",\"contentUrl\":\"https:\/\/www.woodtec.ch\/wp-content\/uploads\/2020\/07\/logo-woodtec.svg\",\"caption\":\"woodtec Fankhauser GmbH\"},\"image\":{\"@id\":\"https:\/\/www.woodtec.ch\/en\/#\/schema\/logo\/image\/\"}}]}<\/script>\n<!-- \/ Yoast SEO plugin. -->","yoast_head_json":{"title":"Ossature Bois - woodtec Fankhauser GmbH","robots":{"index":"index","follow":"follow","max-snippet":"max-snippet:-1","max-image-preview":"max-image-preview:large","max-video-preview":"max-video-preview:-1"},"canonical":"https:\/\/www.woodtec.ch\/fr\/","og_locale":"fr_FR","og_type":"article","og_title":"Ossature Bois - woodtec Fankhauser GmbH","og_url":"https:\/\/www.woodtec.ch\/fr\/","og_site_name":"woodtec Fankhauser GmbH","article_modified_time":"2024-10-08T09:30:24+00:00","og_image":[{"url":"https:\/\/www.woodtec.ch\/wp-content\/uploads\/2022\/04\/Holzrahmenbau-Vorfertiung-mit-woodtec-Maschinentechnik.jpg","type":"","width":"","height":""}],"twitter_card":"summary_large_image","twitter_misc":{"Dur\u00e9e de lecture estim\u00e9e":"2 minutes"},"schema":{"@context":"https:\/\/schema.org","@graph":[{"@type":"WebPage","@id":"https:\/\/www.woodtec.ch\/fr\/","url":"https:\/\/www.woodtec.ch\/fr\/","name":"Ossature Bois - woodtec Fankhauser GmbH","isPartOf":{"@id":"https:\/\/www.woodtec.ch\/en\/#website"},"primaryImageOfPage":{"@id":"https:\/\/www.woodtec.ch\/fr\/#primaryimage"},"image":{"@id":"https:\/\/www.woodtec.ch\/fr\/#primaryimage"},"thumbnailUrl":"https:\/\/www.woodtec.ch\/wp-content\/uploads\/2022\/04\/Holzrahmenbau-Vorfertiung-mit-woodtec-Maschinentechnik.jpg","datePublished":"2020-02-11T09:56:33+00:00","dateModified":"2024-10-08T09:30:24+00:00","breadcrumb":{"@id":"https:\/\/www.woodtec.ch\/fr\/#breadcrumb"},"inLanguage":"fr-FR","potentialAction":[{"@type":"ReadAction","target":["https:\/\/www.woodtec.ch\/fr\/"]}]},{"@type":"ImageObject","inLanguage":"fr-FR","@id":"https:\/\/www.woodtec.ch\/fr\/#primaryimage","url":"https:\/\/www.woodtec.ch\/wp-content\/uploads\/2022\/04\/Holzrahmenbau-Vorfertiung-mit-woodtec-Maschinentechnik.jpg","contentUrl":"https:\/\/www.woodtec.ch\/wp-content\/uploads\/2022\/04\/Holzrahmenbau-Vorfertiung-mit-woodtec-Maschinentechnik.jpg"},{"@type":"BreadcrumbList","@id":"https:\/\/www.woodtec.ch\/fr\/#breadcrumb","itemListElement":[{"@type":"ListItem","position":1,"name":"Home","item":"https:\/\/www.woodtec.ch\/fr\/"},{"@type":"ListItem","position":2,"name":"Ossature Bois"}]},{"@type":"WebSite","@id":"https:\/\/www.woodtec.ch\/en\/#website","url":"https:\/\/www.woodtec.ch\/en\/","name":"woodtec Fankhauser GmbH","description":"Maschinentechnik f\u00fcr den Holzbau","publisher":{"@id":"https:\/\/www.woodtec.ch\/en\/#organization"},"potentialAction":[{"@type":"SearchAction","target":{"@type":"EntryPoint","urlTemplate":"https:\/\/www.woodtec.ch\/en\/?s={search_term_string}"},"query-input":{"@type":"PropertyValueSpecification","valueRequired":true,"valueName":"search_term_string"}}],"inLanguage":"fr-FR"},{"@type":"Organization","@id":"https:\/\/www.woodtec.ch\/en\/#organization","name":"woodtec Fankhauser GmbH","url":"https:\/\/www.woodtec.ch\/en\/","logo":{"@type":"ImageObject","inLanguage":"fr-FR","@id":"https:\/\/www.woodtec.ch\/en\/#\/schema\/logo\/image\/","url":"https:\/\/www.woodtec.ch\/wp-content\/uploads\/2020\/07\/logo-woodtec.svg","contentUrl":"https:\/\/www.woodtec.ch\/wp-content\/uploads\/2020\/07\/logo-woodtec.svg","caption":"woodtec Fankhauser GmbH"},"image":{"@id":"https:\/\/www.woodtec.ch\/en\/#\/schema\/logo\/image\/"}}]}},"_links":{"self":[{"href":"https:\/\/www.woodtec.ch\/fr\/wp-json\/wp\/v2\/pages\/4416","targetHints":{"allow":["GET"]}}],"collection":[{"href":"https:\/\/www.woodtec.ch\/fr\/wp-json\/wp\/v2\/pages"}],"about":[{"href":"https:\/\/www.woodtec.ch\/fr\/wp-json\/wp\/v2\/types\/page"}],"author":[{"embeddable":true,"href":"https:\/\/www.woodtec.ch\/fr\/wp-json\/wp\/v2\/users\/3"}],"replies":[{"embeddable":true,"href":"https:\/\/www.woodtec.ch\/fr\/wp-json\/wp\/v2\/comments?post=4416"}],"version-history":[{"count":0,"href":"https:\/\/www.woodtec.ch\/fr\/wp-json\/wp\/v2\/pages\/4416\/revisions"}],"wp:attachment":[{"href":"https:\/\/www.woodtec.ch\/fr\/wp-json\/wp\/v2\/media?parent=4416"}],"curies":[{"name":"wp","href":"https:\/\/api.w.org\/{rel}","templated":true}]}}